{"id":23,"date":"2019-11-11T09:15:33","date_gmt":"2019-11-11T09:15:33","guid":{"rendered":"https:\/\/fuhrerscheinne.com\/?page_id=23"},"modified":"2023-10-02T15:43:39","modified_gmt":"2023-10-02T15:43:39","slug":"%e8%b4%ad%e4%b9%b0%e5%b1%85%e7%95%99%e5%8d%a1","status":"publish","type":"page","link":"https:\/\/fuhrerscheinne.com\/zh\/%e8%b4%ad%e4%b9%b0%e5%b1%85%e7%95%99%e5%8d%a1\/","title":{"rendered":"\u8d2d\u4e70\u5c45\u7559\u5361"},"content":{"rendered":"\t\t<div data-elementor-type=\"wp-page\" data-elementor-id=\"23\" class=\"elementor elementor-23\">\n\t\t\t\t\t\t<section class=\"elementor-section elementor-top-section elementor-element elementor-element-4abe70e elementor-section-boxed elementor-section-height-default elementor-section-height-default\" data-id=\"4abe70e\" data-element_type=\"section\" data-e-type=\"section\">\n\t\t\t\t\t\t<div class=\"elementor-container elementor-column-gap-default\">\n\t\t\t\t\t<div class=\"elementor-column elementor-col-100 elementor-top-column elementor-element elementor-element-e0820a5\" data-id=\"e0820a5\" data-element_type=\"column\" data-e-type=\"column\">\n\t\t\t<div class=\"elementor-widget-wrap elementor-element-populated\">\n\t\t\t\t\t\t<div class=\"elementor-element elementor-element-ba9c002 elementor-widget elementor-widget-heading\" data-id=\"ba9c002\" data-element_type=\"widget\" data-e-type=\"widget\" data-widget_type=\"heading.default\">\n\t\t\t\t<div class=\"elementor-widget-container\">\n\t\t\t\t\t<h1 class=\"elementor-heading-title elementor-size-default\"><a href=\"https:\/\/fuhrerscheinne.com\/\">Kaufen Sie echte und gef\u00e4lschte EU-Dokumente<\/a><\/h1>\t\t\t\t<\/div>\n\t\t\t\t<\/div>\n\t\t\t\t\t<\/div>\n\t\t<\/div>\n\t\t\t\t\t<\/div>\n\t\t<\/section>\n\t\t\t\t<section class=\"elementor-section elementor-top-section elementor-element elementor-element-822005e elementor-section-boxed elementor-section-height-default elementor-section-height-default\" data-id=\"822005e\" data-element_type=\"section\" data-e-type=\"section\">\n\t\t\t\t\t\t<div class=\"elementor-container elementor-column-gap-default\">\n\t\t\t\t\t<div class=\"elementor-column elementor-col-50 elementor-top-column elementor-element elementor-element-1b1efdc\" data-id=\"1b1efdc\" data-element_type=\"column\" data-e-type=\"column\">\n\t\t\t<div class=\"elementor-widget-wrap elementor-element-populated\">\n\t\t\t\t\t\t<div class=\"elementor-element elementor-element-818fb23 elementor-widget elementor-widget-image\" data-id=\"818fb23\" data-element_type=\"widget\" data-e-type=\"widget\" data-widget_type=\"image.default\">\n\t\t\t\t<div class=\"elementor-widget-container\">\n\t\t\t\t\t\t\t\t\t\t\t\t\t\t\t\t<a href=\"https:\/\/fuhrerscheinne.com\/\">\n\t\t\t\t\t\t\t<img fetchpriority=\"high\" decoding=\"async\" width=\"514\" height=\"325\" src=\"https:\/\/fuhrerscheinne.com\/wp-content\/uploads\/2020\/04\/German-Resident-Permit-For-Sale.jpg\" class=\"attachment-large size-large wp-image-410\" alt=\"Kosten f\u00fcr F\u00fchrerschein, F\u00fchrerschein kaufen, F\u00fchrerschein online kaufen, Express-F\u00fchrerschein, \u00f6sterreichischer F\u00fchrerschein, deutscher F\u00fchrerschein, niederl\u00e4ndischer F\u00fchrerschein, Schweizer F\u00fchrerschein kaufen, EU-Wohnsitzkarte kaufen, EU-Pass kaufen,\" srcset=\"https:\/\/fuhrerscheinne.com\/wp-content\/uploads\/2020\/04\/German-Resident-Permit-For-Sale.jpg 514w, https:\/\/fuhrerscheinne.com\/wp-content\/uploads\/2020\/04\/German-Resident-Permit-For-Sale-300x190.jpg 300w\" sizes=\"(max-width: 514px) 100vw, 514px\" \/>\t\t\t\t\t\t\t\t<\/a>\n\t\t\t\t\t\t\t\t\t\t\t\t\t\t\t<\/div>\n\t\t\t\t<\/div>\n\t\t\t\t<div class=\"elementor-element elementor-element-3a62d34 elementor-widget elementor-widget-heading\" data-id=\"3a62d34\" data-element_type=\"widget\" data-e-type=\"widget\" data-widget_type=\"heading.default\">\n\t\t\t\t<div class=\"elementor-widget-container\">\n\t\t\t\t\t<h2 class=\"elementor-heading-title elementor-size-default\"><a href=\"https:\/\/fuhrerscheinne.com\/neem-contact-op\/\">Kauf einer deutschen Aufenthaltserlaubnis<\/a><\/h2>\t\t\t\t<\/div>\n\t\t\t\t<\/div>\n\t\t\t\t\t<\/div>\n\t\t<\/div>\n\t\t\t\t<div class=\"elementor-column elementor-col-50 elementor-top-column elementor-element elementor-element-7632939\" data-id=\"7632939\" data-element_type=\"column\" data-e-type=\"column\">\n\t\t\t<div class=\"elementor-widget-wrap elementor-element-populated\">\n\t\t\t\t\t\t<div class=\"elementor-element elementor-element-9b1eb1a elementor-widget elementor-widget-image\" data-id=\"9b1eb1a\" data-element_type=\"widget\" data-e-type=\"widget\" data-widget_type=\"image.default\">\n\t\t\t\t<div class=\"elementor-widget-container\">\n\t\t\t\t\t\t\t\t\t\t\t\t\t\t\t\t<a href=\"https:\/\/fuhrerscheinne.com\/\">\n\t\t\t\t\t\t\t<img decoding=\"async\" width=\"275\" height=\"183\" src=\"https:\/\/fuhrerscheinne.com\/wp-content\/uploads\/2020\/04\/download-7.jpg\" class=\"attachment-large size-large wp-image-292\" alt=\"Kosten f\u00fcr F\u00fchrerschein, F\u00fchrerschein kaufen, F\u00fchrerschein online kaufen, Express-F\u00fchrerschein, \u00f6sterreichischer F\u00fchrerschein, deutscher F\u00fchrerschein, niederl\u00e4ndischer F\u00fchrerschein, Schweizer F\u00fchrerschein kaufen, EU-Wohnsitzkarte kaufen, EU-Pass kaufen,\" \/>\t\t\t\t\t\t\t\t<\/a>\n\t\t\t\t\t\t\t\t\t\t\t\t\t\t\t<\/div>\n\t\t\t\t<\/div>\n\t\t\t\t<div class=\"elementor-element elementor-element-25e29b9 elementor-widget elementor-widget-heading\" data-id=\"25e29b9\" data-element_type=\"widget\" data-e-type=\"widget\" data-widget_type=\"heading.default\">\n\t\t\t\t<div class=\"elementor-widget-container\">\n\t\t\t\t\t<h2 class=\"elementor-heading-title elementor-size-default\"><a href=\"https:\/\/fuhrerscheinne.com\/neem-contact-op\/\">Erwerben Sie eine EU-Aufenthaltserlaubnis<\/a><\/h2>\t\t\t\t<\/div>\n\t\t\t\t<\/div>\n\t\t\t\t\t<\/div>\n\t\t<\/div>\n\t\t\t\t\t<\/div>\n\t\t<\/section>\n\t\t\t\t<section class=\"elementor-section elementor-top-section elementor-element elementor-element-d5f2153 elementor-section-boxed elementor-section-height-default elementor-section-height-default\" data-id=\"d5f2153\" data-element_type=\"section\" data-e-type=\"section\">\n\t\t\t\t\t\t<div class=\"elementor-container elementor-column-gap-default\">\n\t\t\t\t\t<div class=\"elementor-column elementor-col-100 elementor-top-column elementor-element elementor-element-f03eeb3\" data-id=\"f03eeb3\" data-element_type=\"column\" data-e-type=\"column\">\n\t\t\t<div class=\"elementor-widget-wrap elementor-element-populated\">\n\t\t\t\t\t\t<div class=\"elementor-element elementor-element-b6649f2 elementor-widget elementor-widget-heading\" data-id=\"b6649f2\" data-element_type=\"widget\" data-e-type=\"widget\" data-widget_type=\"heading.default\">\n\t\t\t\t<div class=\"elementor-widget-container\">\n\t\t\t\t\t<h2 class=\"elementor-heading-title elementor-size-default\">Warum bei uns eine Aufenthaltskarte kaufen?<\/h2>\t\t\t\t<\/div>\n\t\t\t\t<\/div>\n\t\t\t\t\t<\/div>\n\t\t<\/div>\n\t\t\t\t\t<\/div>\n\t\t<\/section>\n\t\t\t\t<section class=\"elementor-section elementor-top-section elementor-element elementor-element-861dd21 elementor-section-boxed elementor-section-height-default elementor-section-height-default\" data-id=\"861dd21\" data-element_type=\"section\" data-e-type=\"section\">\n\t\t\t\t\t\t<div class=\"elementor-container elementor-column-gap-default\">\n\t\t\t\t\t<div class=\"elementor-column elementor-col-100 elementor-top-column elementor-element elementor-element-b8920dc\" data-id=\"b8920dc\" data-element_type=\"column\" data-e-type=\"column\">\n\t\t\t<div class=\"elementor-widget-wrap elementor-element-populated\">\n\t\t\t\t\t\t<div class=\"elementor-element elementor-element-e50f8db elementor-widget elementor-widget-text-editor\" data-id=\"e50f8db\" data-element_type=\"widget\" data-e-type=\"widget\" data-widget_type=\"text-editor.default\">\n\t\t\t\t<div class=\"elementor-widget-container\">\n\t\t\t\t\t\t\t\t\t<p>Willkommen in unserer Agentur. M\u00f6chten Sie die Freiheit erleben, \u00fcberall auf der Welt bequem zu reisen? Wussten Sie, dass Sie mit unserer Hilfe in vielen L\u00e4ndern legal leben, Arbeit finden und Ihren Aufenthalt verl\u00e4ngern k\u00f6nnen? Haben Sie Probleme bei der Verl\u00e4ngerung Ihrer Aufenthaltserlaubnis im Ausland oder ben\u00f6tigen Sie einfach eine neue? Wir sind f\u00fcr Sie da. Auf dieser Website finden Sie Aufenthaltsgenehmigungen f\u00fcr Menschen in verschiedenen L\u00e4ndern der Welt. Wir bieten auch Aufenthaltskarten an, insbesondere f\u00fcr die Niederlande und Belgien. Auch hier bieten wir qualitativ hochwertige Dienstleistungen zu angemessenen Preisen. Kaufen Sie daher Ihren Reisepass bei uns und besuchen Sie unsere wei\u00dfe Seite mit <span style=\"color: #800000;\">Dokumentenf\u00fchrerscheinne.com<\/span><\/p>\t\t\t\t\t\t\t\t<\/div>\n\t\t\t\t<\/div>\n\t\t\t\t\t<\/div>\n\t\t<\/div>\n\t\t\t\t\t<\/div>\n\t\t<\/section>\n\t\t\t\t<section class=\"elementor-section elementor-top-section elementor-element elementor-element-9ef575b elementor-section-boxed elementor-section-height-default elementor-section-height-default\" data-id=\"9ef575b\" data-element_type=\"section\" data-e-type=\"section\">\n\t\t\t\t\t\t<div class=\"elementor-container elementor-column-gap-default\">\n\t\t\t\t\t<div class=\"elementor-column elementor-col-50 elementor-top-column elementor-element elementor-element-a902ea2\" data-id=\"a902ea2\" data-element_type=\"column\" data-e-type=\"column\">\n\t\t\t<div class=\"elementor-widget-wrap elementor-element-populated\">\n\t\t\t\t\t\t<div class=\"elementor-element elementor-element-8ab39f7 elementor-widget elementor-widget-heading\" data-id=\"8ab39f7\" data-element_type=\"widget\" data-e-type=\"widget\" data-widget_type=\"heading.default\">\n\t\t\t\t<div class=\"elementor-widget-container\">\n\t\t\t\t\t<h2 class=\"elementor-heading-title elementor-size-default\">KAUFEN SIE SEHR HAUSKARTE<\/h2>\t\t\t\t<\/div>\n\t\t\t\t<\/div>\n\t\t\t\t<div class=\"elementor-element elementor-element-5b516af elementor-widget elementor-widget-text-editor\" data-id=\"5b516af\" data-element_type=\"widget\" data-e-type=\"widget\" data-widget_type=\"text-editor.default\">\n\t\t\t\t<div class=\"elementor-widget-container\">\n\t\t\t\t\t\t\t\t\t<p>Bei unserer Agentur handelt es sich bei einer echten Aufenthaltskarte um eine legale Aufenthaltskarte mit allen Sicherheitsmerkmalen. Erstens ist unsere Agentur seit 2012 im Gesch\u00e4ft \u201eWohnungskarten kaufen\u201c t\u00e4tig. Zweitens ist die von uns angebotene Aufenthaltskarte in Ihrem Staatswohnsitz registriert Karteninformationssystem. Dar\u00fcber hinaus enthalten unsere registrierten Aufenthaltskarten biometrische Daten und die geheimen Merkmale, die f\u00fcr die erfolgreiche Durchf\u00fchrung eines digitalen Scans erforderlich sind. Wir empfehlen unseren Kunden jedoch den Erwerb der echten Aufenthaltskarte. Haben Sie keine Angst vor Kontrollpunkten an Flugh\u00e4fen, f\u00fchren Sie keine Scans durch, reisen Sie legal. Sie m\u00fcssen uns nur hier kontaktieren.<\/p>\t\t\t\t\t\t\t\t<\/div>\n\t\t\t\t<\/div>\n\t\t\t\t\t<\/div>\n\t\t<\/div>\n\t\t\t\t<div class=\"elementor-column elementor-col-50 elementor-top-column elementor-element elementor-element-e7643e6\" data-id=\"e7643e6\" data-element_type=\"column\" data-e-type=\"column\">\n\t\t\t<div class=\"elementor-widget-wrap elementor-element-populated\">\n\t\t\t\t\t\t<div class=\"elementor-element elementor-element-5800cfc elementor-widget elementor-widget-heading\" data-id=\"5800cfc\" data-element_type=\"widget\" data-e-type=\"widget\" data-widget_type=\"heading.default\">\n\t\t\t\t<div class=\"elementor-widget-container\">\n\t\t\t\t\t<h2 class=\"elementor-heading-title elementor-size-default\">K\u00d6P FAKE RESIDENCE CARD<\/h2>\t\t\t\t<\/div>\n\t\t\t\t<\/div>\n\t\t\t\t<div class=\"elementor-element elementor-element-5e5791c elementor-widget elementor-widget-text-editor\" data-id=\"5e5791c\" data-element_type=\"widget\" data-e-type=\"widget\" data-widget_type=\"text-editor.default\">\n\t\t\t\t<div class=\"elementor-widget-container\">\n\t\t\t\t\t\t\t\t\t<p>\u00dcberall in Dokumenten sehen unsere gef\u00e4lschten Aufenthaltskarten genauso gut aus wie die echten Aufenthaltskarten. Wir drucken auch gef\u00e4lschte Aufenthaltskarten auf gutes Material mit den erforderlichen Hologrammen. Wenn Sie online eine Aufenthaltskarte aus Dokumenten bestellen, k\u00f6nnen Sie sich auf die physische Qualit\u00e4t Ihrer gef\u00e4lschten Aufenthaltskarte verlassen. Wir empfehlen jedoch, es nur in abgelegenen Gebieten ohne digitale oder elektronische Scanner zu verwenden. Meistens werden unsere gef\u00e4lschten Reisep\u00e4sse von Kunden bestellt, die den Reisepass als Sch\u00fcrze verwenden m\u00f6chten. In einigen F\u00e4llen verf\u00fcgen Kunden mit gef\u00e4lschten Aufenthaltskarten auch \u00fcber Original-Wohnausweise und ben\u00f6tigen die gef\u00e4lschte Aufenthaltskarte m\u00f6glicherweise f\u00fcr verdeckte Transaktionen. Auf unserer Testimonial-Seite k\u00f6nnen Sie einer von ihnen sein. Kontaktieren Sie uns f\u00fcr Ihre gef\u00e4lschte Aufenthaltskarte.<\/p>\t\t\t\t\t\t\t\t<\/div>\n\t\t\t\t<\/div>\n\t\t\t\t\t<\/div>\n\t\t<\/div>\n\t\t\t\t\t<\/div>\n\t\t<\/section>\n\t\t\t\t<section class=\"elementor-section elementor-top-section elementor-element elementor-element-5528253 elementor-section-boxed elementor-section-height-default elementor-section-height-default\" data-id=\"5528253\" data-element_type=\"section\" data-e-type=\"section\">\n\t\t\t\t\t\t<div class=\"elementor-container elementor-column-gap-default\">\n\t\t\t\t\t<div class=\"elementor-column elementor-col-100 elementor-top-column elementor-element elementor-element-911cbd3\" data-id=\"911cbd3\" data-element_type=\"column\" data-e-type=\"column\">\n\t\t\t<div class=\"elementor-widget-wrap elementor-element-populated\">\n\t\t\t\t\t\t<div class=\"elementor-element elementor-element-4718e90 elementor-widget elementor-widget-heading\" data-id=\"4718e90\" data-element_type=\"widget\" data-e-type=\"widget\" data-widget_type=\"heading.default\">\n\t\t\t\t<div class=\"elementor-widget-container\">\n\t\t\t\t\t<h2 class=\"elementor-heading-title elementor-size-default\"><a href=\"https:\/\/fuhrerscheinne.com\/neem-contact-op\/\"><i class=\"fa fa -velope\"> <\/ i> KONTAKTIEREN SIE UNS:<\/a><\/h2>\t\t\t\t<\/div>\n\t\t\t\t<\/div>\n\t\t\t\t\t<\/div>\n\t\t<\/div>\n\t\t\t\t\t<\/div>\n\t\t<\/section>\n\t\t\t\t<section class=\"elementor-section elementor-top-section elementor-element elementor-element-9343d4f elementor-section-boxed elementor-section-height-default elementor-section-height-default\" data-id=\"9343d4f\" data-element_type=\"section\" data-e-type=\"section\">\n\t\t\t\t\t\t<div class=\"elementor-container elementor-column-gap-default\">\n\t\t\t\t\t<div class=\"elementor-column elementor-col-100 elementor-top-column elementor-element elementor-element-9a0c4f1\" data-id=\"9a0c4f1\" data-element_type=\"column\" data-e-type=\"column\">\n\t\t\t<div class=\"elementor-widget-wrap elementor-element-populated\">\n\t\t\t\t\t\t<div class=\"elementor-element elementor-element-3feef66 elementor-widget elementor-widget-wp-widget-wpforms-widget\" data-id=\"3feef66\" data-element_type=\"widget\" data-e-type=\"widget\" data-widget_type=\"wp-widget-wpforms-widget.default\">\n\t\t\t\t<div class=\"elementor-widget-container\">\n\t\t\t\t\t<div class=\"wpforms-container \" id=\"wpforms-75\"><form id=\"wpforms-form-75\" class=\"wpforms-validate wpforms-form\" data-formid=\"75\" method=\"post\" enctype=\"multipart\/form-data\" action=\"\/zh\/wp-json\/wp\/v2\/pages\/23\" data-token=\"d92b1387f964bebad5de87cf24764d9f\"><noscript class=\"wpforms-error-noscript\">\u8bf7\u5728\u6d4f\u89c8\u5668\u4e2d\u542f\u7528JavaScript\u6765\u5b8c\u6210\u6b64\u8868\u5355\u3002<\/noscript><div class=\"wpforms-field-container\"><div id=\"wpforms-75-field_5-container\" class=\"wpforms-field wpforms-field-name\" data-field-id=\"5\"><label class=\"wpforms-field-label\" for=\"wpforms-75-field_5\">Name <span class=\"wpforms-required-label\">*<\/span><\/label><input type=\"text\" id=\"wpforms-75-field_5\" class=\"wpforms-field-medium wpforms-field-required\" name=\"wpforms[fields][5]\" required><\/div><div id=\"wpforms-75-field_6-container\" class=\"wpforms-field wpforms-field-email\" data-field-id=\"6\"><label class=\"wpforms-field-label\" for=\"wpforms-75-field_6\">E-mail <span class=\"wpforms-required-label\">*<\/span><\/label><input type=\"email\" id=\"wpforms-75-field_6\" class=\"wpforms-field-medium wpforms-field-required\" name=\"wpforms[fields][6]\" spellcheck=\"false\" required><\/div><div id=\"wpforms-75-field_7-container\" class=\"wpforms-field wpforms-field-phone\" data-field-id=\"7\"><label class=\"wpforms-field-label\" for=\"wpforms-75-field_7\">WhatsApp-Nummer<\/label><input type=\"tel\" id=\"wpforms-75-field_7\" class=\"wpforms-field-medium wpforms-smart-phone-field\" data-rule-smart-phone-field=\"true\" name=\"wpforms[fields][7]\" ><\/div><div id=\"wpforms-75-field_8-container\" class=\"wpforms-field wpforms-field-textarea\" data-field-id=\"8\"><label class=\"wpforms-field-label\" for=\"wpforms-75-field_8\">Nachricht<\/label><textarea id=\"wpforms-75-field_8\" class=\"wpforms-field-medium\" name=\"wpforms[fields][8]\" ><\/textarea><\/div><\/div><!-- .wpforms-field-container --><div class=\"wpforms-field wpforms-field-hp\"><label for=\"wpforms-75-field-hp\" class=\"wpforms-field-label\">Phone<\/label><input type=\"text\" name=\"wpforms[hp]\" id=\"wpforms-75-field-hp\" class=\"wpforms-field-medium\"><\/div><div class=\"wpforms-submit-container\" ><input type=\"hidden\" name=\"wpforms[id]\" value=\"75\"><input type=\"hidden\" name=\"wpforms[author]\" value=\"1\"><button type=\"submit\" name=\"wpforms[submit]\" id=\"wpforms-submit-75\" class=\"wpforms-submit\" data-alt-text=\"Absenden ...\" data-submit-text=\"Einreichen\" aria-live=\"assertive\" value=\"wpforms-submit\">Einreichen<\/button><\/div><\/form><\/div>  <!-- .wpforms-container -->\t\t\t\t<\/div>\n\t\t\t\t<\/div>\n\t\t\t\t\t<\/div>\n\t\t<\/div>\n\t\t\t\t\t<\/div>\n\t\t<\/section>\n\t\t\t\t<section class=\"elementor-section elementor-top-section elementor-element elementor-element-bb4026f elementor-section-boxed elementor-section-height-default elementor-section-height-default\" data-id=\"bb4026f\" data-element_type=\"section\" data-e-type=\"section\">\n\t\t\t\t\t\t<div class=\"elementor-container elementor-column-gap-default\">\n\t\t\t\t\t<div class=\"elementor-column elementor-col-100 elementor-top-column elementor-element elementor-element-a637fd3\" data-id=\"a637fd3\" data-element_type=\"column\" data-e-type=\"column\">\n\t\t\t<div class=\"elementor-widget-wrap elementor-element-populated\">\n\t\t\t\t\t\t<div class=\"elementor-element elementor-element-6e5494e elementor-widget elementor-widget-heading\" data-id=\"6e5494e\" data-element_type=\"widget\" data-e-type=\"widget\" data-widget_type=\"heading.default\">\n\t\t\t\t<div class=\"elementor-widget-container\">\n\t\t\t\t\t<h2 class=\"elementor-heading-title elementor-size-default\"><a href=\"https:\/\/fuhrerscheinne.com\/\">Kosten F\u00fchrerschein, F\u00fchrerschein kaufen, Online-F\u00fchrerschein, F\u00fchrerschein, Preis F\u00fchrerschein, F\u00fchrerschein, registrierter F\u00fchrerschein, falscher F\u00fchrerschein, billiger F\u00fchrerschein, Passkauf, legaler F\u00fchrerschein 2020, F\u00fchrerschein 2020, ID-Ticketkauf, falscher Reisepass, falscher F\u00fchrerscheindruck, Online-F\u00fchrerschein, gef\u00e4lschter F\u00fchrerscheindruck, Online-F\u00fchrerschein , gef\u00e4lschter F\u00fchrerschein, gef\u00e4lschter Passhersteller, gef\u00e4lschter F\u00fchrerschein online, gef\u00e4lschter F\u00fchrerscheinkauf, gef\u00e4lschter F\u00fchrerschein, legaler F\u00fchrerscheinkauf, F\u00fchrerscheinservice, F\u00fchrerscheinkauf, gef\u00e4lschter Personalausweiskauf, Online-F\u00fchrerscheinkauf, gef\u00e4lschter Personalausweiskauf, Kauf von F\u00fchrerschein, gef\u00e4lschter F\u00fchrerschein, gef\u00e4lschter F\u00fchrerschein, gef\u00e4lschter F\u00fchrerschein, F\u00fchrerschein kaufen, F\u00fchrerschein kaufen, gef\u00e4lschter F\u00fchrerschein, gef\u00e4lschter F\u00fchrerschein, gef\u00e4lschte F\u00fchrerscheinstellen, Reisepass in den Niederlanden, Fahren l Online-F\u00fchrerscheinkauf, Eupas-Hafenkauf, gef\u00e4lschter Passkauf, gef\u00e4lschter F\u00fchrerscheinkauf , kaufen F\u00fchrerschein, gef\u00e4lschte Passbestellung, gef\u00e4lschte Passantr\u00e4ge, gef\u00e4lschte F\u00fchrerscheinantr\u00e4ge pepas gate Kauf,<\/a><\/h2>\t\t\t\t<\/div>\n\t\t\t\t<\/div>\n\t\t\t\t\t<\/div>\n\t\t<\/div>\n\t\t\t\t\t<\/div>\n\t\t<\/section>\n\t\t\t\t<\/div>\n\t\t","protected":false},"excerpt":{"rendered":"<p>Kaufen Sie echte und gef\u00e4lschte EU-Dokumente Kauf einer deutschen Aufenthaltserlaubnis Erwerben Sie eine EU-Aufenthaltserlaubnis Warum bei uns eine Aufenthaltskarte kaufen? Willkommen in unserer Agentur. M\u00f6chten Sie die Freiheit erleben, \u00fcberall auf der Welt bequem zu reisen? Wussten Sie, dass Sie mit unserer Hilfe in vielen L\u00e4ndern legal leben, Arbeit finden und Ihren Aufenthalt verl\u00e4ngern k\u00f6nnen? [&hellip;]<\/p>\n","protected":false},"author":1,"featured_media":0,"parent":0,"menu_order":0,"comment_status":"closed","ping_status":"closed","template":"","meta":{"site-sidebar-layout":"default","site-content-layout":"","ast-site-content-layout":"default","site-content-style":"default","site-sidebar-style":"default","ast-global-header-display":"","ast-banner-title-visibility":"","ast-main-header-display":"","ast-hfb-above-header-display":"","ast-hfb-below-header-display":"","ast-hfb-mobile-header-display":"","site-post-title":"","ast-breadcrumbs-content":"","ast-featured-img":"","footer-sml-layout":"","theme-transparent-header-meta":"","adv-header-id-meta":"","stick-header-meta":"","header-above-stick-meta":"","header-main-stick-meta":"","header-below-stick-meta":"","astra-migrate-meta-layouts":"default","ast-page-background-enabled":"default","ast-page-background-meta":{"desktop":{"background-color":"","background-image":"","background-repeat":"repeat","background-position":"center center","background-size":"auto","background-attachment":"scroll","background-type":"","background-media":"","overlay-type":"","overlay-color":"","overlay-opacity":"","overlay-gradient":""},"tablet":{"background-color":"","background-image":"","background-repeat":"repeat","background-position":"center center","background-size":"auto","background-attachment":"scroll","background-type":"","background-media":"","overlay-type":"","overlay-color":"","overlay-opacity":"","overlay-gradient":""},"mobile":{"background-color":"","background-image":"","background-repeat":"repeat","background-position":"center center","background-size":"auto","background-attachment":"scroll","background-type":"","background-media":"","overlay-type":"","overlay-color":"","overlay-opacity":"","overlay-gradient":""}},"ast-content-background-meta":{"desktop":{"background-color":"var(--ast-global-color-5)","background-image":"","background-repeat":"repeat","background-position":"center center","background-size":"auto","background-attachment":"scroll","background-type":"","background-media":"","overlay-type":"","overlay-color":"","overlay-opacity":"","overlay-gradient":""},"tablet":{"background-color":"var(--ast-global-color-5)","background-image":"","background-repeat":"repeat","background-position":"center center","background-size":"auto","background-attachment":"scroll","background-type":"","background-media":"","overlay-type":"","overlay-color":"","overlay-opacity":"","overlay-gradient":""},"mobile":{"background-color":"var(--ast-global-color-5)","background-image":"","background-repeat":"repeat","background-position":"center center","background-size":"auto","background-attachment":"scroll","background-type":"","background-media":"","overlay-type":"","overlay-color":"","overlay-opacity":"","overlay-gradient":""}},"footnotes":""},"class_list":["post-23","page","type-page","status-publish","hentry"],"_links":{"self":[{"href":"https:\/\/fuhrerscheinne.com\/zh\/wp-json\/wp\/v2\/pages\/23","targetHints":{"allow":["GET"]}}],"collection":[{"href":"https:\/\/fuhrerscheinne.com\/zh\/wp-json\/wp\/v2\/pages"}],"about":[{"href":"https:\/\/fuhrerscheinne.com\/zh\/wp-json\/wp\/v2\/types\/page"}],"author":[{"embeddable":true,"href":"https:\/\/fuhrerscheinne.com\/zh\/wp-json\/wp\/v2\/users\/1"}],"replies":[{"embeddable":true,"href":"https:\/\/fuhrerscheinne.com\/zh\/wp-json\/wp\/v2\/comments?post=23"}],"version-history":[{"count":34,"href":"https:\/\/fuhrerscheinne.com\/zh\/wp-json\/wp\/v2\/pages\/23\/revisions"}],"predecessor-version":[{"id":717,"href":"https:\/\/fuhrerscheinne.com\/zh\/wp-json\/wp\/v2\/pages\/23\/revisions\/717"}],"wp:attachment":[{"href":"https:\/\/fuhrerscheinne.com\/zh\/wp-json\/wp\/v2\/media?parent=23"}],"curies":[{"name":"wp","href":"https:\/\/api.w.org\/{rel}","templated":true}]}}