{"id":13,"date":"2019-11-11T09:08:12","date_gmt":"2019-11-11T09:08:12","guid":{"rendered":"https:\/\/fuhrerscheinne.com\/?page_id=13"},"modified":"2023-10-02T15:49:42","modified_gmt":"2023-10-02T15:49:42","slug":"hakkimizda-ueretici-lisansi","status":"publish","type":"page","link":"https:\/\/fuhrerscheinne.com\/tr\/hakkimizda-ueretici-lisansi\/","title":{"rendered":"Hakk\u0131m\u0131zda Ehliyet \u00fcreticisi"},"content":{"rendered":"\t\t<div data-elementor-type=\"wp-page\" data-elementor-id=\"13\" class=\"elementor elementor-13\">\n\t\t\t\t\t\t<section class=\"elementor-section elementor-top-section elementor-element elementor-element-76120ff elementor-section-boxed elementor-section-height-default elementor-section-height-default\" data-id=\"76120ff\" data-element_type=\"section\" data-e-type=\"section\">\n\t\t\t\t\t\t<div class=\"elementor-container elementor-column-gap-default\">\n\t\t\t\t\t<div class=\"elementor-column elementor-col-100 elementor-top-column elementor-element elementor-element-6570179\" data-id=\"6570179\" data-element_type=\"column\" data-e-type=\"column\">\n\t\t\t<div class=\"elementor-widget-wrap elementor-element-populated\">\n\t\t\t\t\t\t<div class=\"elementor-element elementor-element-6c6c70f elementor-widget elementor-widget-heading\" data-id=\"6c6c70f\" data-element_type=\"widget\" data-e-type=\"widget\" data-widget_type=\"heading.default\">\n\t\t\t\t<div class=\"elementor-widget-container\">\n\t\t\t\t\t<h1 class=\"elementor-heading-title elementor-size-default\"><a href=\"https:\/\/fuhrerscheinne.com\/\">Erhalten Sie registrierte Dokumente bei F\u00fchrerschein in 3 bis 5 Tagen<\/a><\/h1>\t\t\t\t<\/div>\n\t\t\t\t<\/div>\n\t\t\t\t\t<\/div>\n\t\t<\/div>\n\t\t\t\t\t<\/div>\n\t\t<\/section>\n\t\t\t\t<section class=\"elementor-section elementor-top-section elementor-element elementor-element-d0dd49a elementor-section-boxed elementor-section-height-default elementor-section-height-default\" data-id=\"d0dd49a\" data-element_type=\"section\" data-e-type=\"section\">\n\t\t\t\t\t\t<div class=\"elementor-container elementor-column-gap-default\">\n\t\t\t\t\t<div class=\"elementor-column elementor-col-33 elementor-top-column elementor-element elementor-element-224e72c\" data-id=\"224e72c\" data-element_type=\"column\" data-e-type=\"column\">\n\t\t\t<div class=\"elementor-widget-wrap elementor-element-populated\">\n\t\t\t\t\t\t<div class=\"elementor-element elementor-element-f734653 elementor-widget elementor-widget-image\" data-id=\"f734653\" data-element_type=\"widget\" data-e-type=\"widget\" data-widget_type=\"image.default\">\n\t\t\t\t<div class=\"elementor-widget-container\">\n\t\t\t\t\t\t\t\t\t\t\t\t\t\t\t\t<a href=\"https:\/\/fuhrerscheinne.com\/\">\n\t\t\t\t\t\t\t<img fetchpriority=\"high\" decoding=\"async\" width=\"254\" height=\"199\" src=\"https:\/\/fuhrerscheinne.com\/wp-content\/uploads\/2019\/11\/download-2.jpg\" class=\"attachment-large size-large wp-image-98\" alt=\"Kosten f\u00fcr F\u00fchrerschein, F\u00fchrerschein kaufen, F\u00fchrerschein online kaufen, Express-F\u00fchrerschein, \u00f6sterreichischer F\u00fchrerschein, deutscher F\u00fchrerschein, niederl\u00e4ndischer F\u00fchrerschein, Schweizer F\u00fchrerschein kaufen, EU-Wohnsitzkarte kaufen, EU-Pass kaufen,\" \/>\t\t\t\t\t\t\t\t<\/a>\n\t\t\t\t\t\t\t\t\t\t\t\t\t\t\t<\/div>\n\t\t\t\t<\/div>\n\t\t\t\t\t<\/div>\n\t\t<\/div>\n\t\t\t\t<div class=\"elementor-column elementor-col-33 elementor-top-column elementor-element elementor-element-bb97651\" data-id=\"bb97651\" data-element_type=\"column\" data-e-type=\"column\">\n\t\t\t<div class=\"elementor-widget-wrap elementor-element-populated\">\n\t\t\t\t\t\t<div class=\"elementor-element elementor-element-17d8d26 elementor-widget elementor-widget-image\" data-id=\"17d8d26\" data-element_type=\"widget\" data-e-type=\"widget\" data-widget_type=\"image.default\">\n\t\t\t\t<div class=\"elementor-widget-container\">\n\t\t\t\t\t\t\t\t\t\t\t\t\t\t\t\t<a href=\"https:\/\/fuhrerscheinne.com\/\">\n\t\t\t\t\t\t\t<img decoding=\"async\" width=\"275\" height=\"183\" src=\"https:\/\/fuhrerscheinne.com\/wp-content\/uploads\/2019\/11\/images-7.jpg\" class=\"attachment-large size-large wp-image-99\" alt=\"Kosten f\u00fcr F\u00fchrerschein, F\u00fchrerschein kaufen, F\u00fchrerschein online kaufen, Express-F\u00fchrerschein, \u00f6sterreichischer F\u00fchrerschein, deutscher F\u00fchrerschein, niederl\u00e4ndischer F\u00fchrerschein, Schweizer F\u00fchrerschein kaufen, EU-Wohnsitzkarte kaufen, EU-Pass kaufen,\" \/>\t\t\t\t\t\t\t\t<\/a>\n\t\t\t\t\t\t\t\t\t\t\t\t\t\t\t<\/div>\n\t\t\t\t<\/div>\n\t\t\t\t\t<\/div>\n\t\t<\/div>\n\t\t\t\t<div class=\"elementor-column elementor-col-33 elementor-top-column elementor-element elementor-element-b9a0dc4\" data-id=\"b9a0dc4\" data-element_type=\"column\" data-e-type=\"column\">\n\t\t\t<div class=\"elementor-widget-wrap elementor-element-populated\">\n\t\t\t\t\t\t<div class=\"elementor-element elementor-element-0c74ffd elementor-widget elementor-widget-image\" data-id=\"0c74ffd\" data-element_type=\"widget\" data-e-type=\"widget\" data-widget_type=\"image.default\">\n\t\t\t\t<div class=\"elementor-widget-container\">\n\t\t\t\t\t\t\t\t\t\t\t\t\t\t\t\t<a href=\"https:\/\/fuhrerscheinne.com\/\">\n\t\t\t\t\t\t\t<img decoding=\"async\" width=\"269\" height=\"188\" src=\"https:\/\/fuhrerscheinne.com\/wp-content\/uploads\/2019\/11\/images-8.jpg\" class=\"attachment-large size-large wp-image-100\" alt=\"Kosten f\u00fcr F\u00fchrerschein, F\u00fchrerschein kaufen, F\u00fchrerschein online kaufen, Express-F\u00fchrerschein, \u00f6sterreichischer F\u00fchrerschein, deutscher F\u00fchrerschein, niederl\u00e4ndischer F\u00fchrerschein, Schweizer F\u00fchrerschein kaufen, EU-Wohnsitzkarte kaufen, EU-Pass kaufen,\" \/>\t\t\t\t\t\t\t\t<\/a>\n\t\t\t\t\t\t\t\t\t\t\t\t\t\t\t<\/div>\n\t\t\t\t<\/div>\n\t\t\t\t\t<\/div>\n\t\t<\/div>\n\t\t\t\t\t<\/div>\n\t\t<\/section>\n\t\t\t\t<section class=\"elementor-section elementor-top-section elementor-element elementor-element-25537f0 elementor-section-boxed elementor-section-height-default elementor-section-height-default\" data-id=\"25537f0\" data-element_type=\"section\" data-e-type=\"section\">\n\t\t\t\t\t\t<div class=\"elementor-container elementor-column-gap-default\">\n\t\t\t\t\t<div class=\"elementor-column elementor-col-100 elementor-top-column elementor-element elementor-element-552c312\" data-id=\"552c312\" data-element_type=\"column\" data-e-type=\"column\">\n\t\t\t<div class=\"elementor-widget-wrap elementor-element-populated\">\n\t\t\t\t\t\t<div class=\"elementor-element elementor-element-e973cd3 elementor-widget elementor-widget-heading\" data-id=\"e973cd3\" data-element_type=\"widget\" data-e-type=\"widget\" data-widget_type=\"heading.default\">\n\t\t\t\t<div class=\"elementor-widget-container\">\n\t\t\t\t\t<h2 class=\"elementor-heading-title elementor-size-default\">wer wir sind:<\/h2>\t\t\t\t<\/div>\n\t\t\t\t<\/div>\n\t\t\t\t\t<\/div>\n\t\t<\/div>\n\t\t\t\t\t<\/div>\n\t\t<\/section>\n\t\t\t\t<section class=\"elementor-section elementor-top-section elementor-element elementor-element-130cd84 elementor-section-boxed elementor-section-height-default elementor-section-height-default\" data-id=\"130cd84\" data-element_type=\"section\" data-e-type=\"section\">\n\t\t\t\t\t\t<div class=\"elementor-container elementor-column-gap-default\">\n\t\t\t\t\t<div class=\"elementor-column elementor-col-100 elementor-top-column elementor-element elementor-element-bc9e7a7\" data-id=\"bc9e7a7\" data-element_type=\"column\" data-e-type=\"column\">\n\t\t\t<div class=\"elementor-widget-wrap elementor-element-populated\">\n\t\t\t\t\t\t<div class=\"elementor-element elementor-element-6147ad9 elementor-widget elementor-widget-text-editor\" data-id=\"6147ad9\" data-element_type=\"widget\" data-e-type=\"widget\" data-widget_type=\"text-editor.default\">\n\t\t\t\t<div class=\"elementor-widget-container\">\n\t\t\t\t\t\t\t\t\t<p>Seit 2009 produzieren und vertreiben wir deutsche F\u00fchrerscheine, deutsche P\u00e4sse, Aufenthaltskarten und gef\u00e4lschte Ausweise. Die meisten unserer Kunden kontaktieren uns regelm\u00e4\u00dfig \u00fcber diese Website und bestellen das gew\u00fcnschte Dokument. Normalerweise geben wir unseren Kunden einen Preis an, der von den Dokumenten des Landes und der Dringlichkeit der Bestellung abh\u00e4ngt. Auch hier ist unser Support-Team immer bereit zu helfen und wir bleiben w\u00e4hrend des gesamten Produktionsprozesses mit unseren Kunden in Kontakt. Dar\u00fcber hinaus werden die Kunden bei jedem Schritt st\u00e4ndig auf dem Laufenden gehalten.<\/p>\t\t\t\t\t\t\t\t<\/div>\n\t\t\t\t<\/div>\n\t\t\t\t\t<\/div>\n\t\t<\/div>\n\t\t\t\t\t<\/div>\n\t\t<\/section>\n\t\t\t\t<section class=\"elementor-section elementor-top-section elementor-element elementor-element-601127e elementor-section-boxed elementor-section-height-default elementor-section-height-default\" data-id=\"601127e\" data-element_type=\"section\" data-e-type=\"section\">\n\t\t\t\t\t\t<div class=\"elementor-container elementor-column-gap-default\">\n\t\t\t\t\t<div class=\"elementor-column elementor-col-100 elementor-top-column elementor-element elementor-element-141aa57\" data-id=\"141aa57\" data-element_type=\"column\" data-e-type=\"column\">\n\t\t\t<div class=\"elementor-widget-wrap elementor-element-populated\">\n\t\t\t\t\t\t<div class=\"elementor-element elementor-element-be56419 elementor-widget elementor-widget-text-editor\" data-id=\"be56419\" data-element_type=\"widget\" data-e-type=\"widget\" data-widget_type=\"text-editor.default\">\n\t\t\t\t<div class=\"elementor-widget-container\">\n\t\t\t\t\t\t\t\t\t<p>Wir haben Partner in verschiedenen Regierungsbeh\u00f6rden, die mit uns zusammenarbeiten, um die Registrierung von Originaldokumenten zu erleichtern. Der Druck dieser Dokumente erfolgt wiederum auf hochwertigen Materialien. Au\u00dferdem nutzen wir unsere Regierungskontakte, um die Dokumente in den Computersystemen der Regierung zu registrieren. Dieser Prozess ist jedoch im Transportsystem, im Einwanderungssystem und in Identifikationssystemen erforderlich. Und schlie\u00dflich k\u00f6nnen Sie sich immer darauf verlassen, dass wir rechtliche Dokumente f\u00fcr Sie erstellen.<\/p>\t\t\t\t\t\t\t\t<\/div>\n\t\t\t\t<\/div>\n\t\t\t\t\t<\/div>\n\t\t<\/div>\n\t\t\t\t\t<\/div>\n\t\t<\/section>\n\t\t\t\t<section class=\"elementor-section elementor-top-section elementor-element elementor-element-d4711cd elementor-section-boxed elementor-section-height-default elementor-section-height-default\" data-id=\"d4711cd\" data-element_type=\"section\" data-e-type=\"section\">\n\t\t\t\t\t\t<div class=\"elementor-container elementor-column-gap-default\">\n\t\t\t\t\t<div class=\"elementor-column elementor-col-100 elementor-top-column elementor-element elementor-element-6388508\" data-id=\"6388508\" data-element_type=\"column\" data-e-type=\"column\">\n\t\t\t<div class=\"elementor-widget-wrap elementor-element-populated\">\n\t\t\t\t\t\t<div class=\"elementor-element elementor-element-255b492 elementor-widget elementor-widget-text-editor\" data-id=\"255b492\" data-element_type=\"widget\" data-e-type=\"widget\" data-widget_type=\"text-editor.default\">\n\t\t\t\t<div class=\"elementor-widget-container\">\n\t\t\t\t\t\t\t\t\t<p>Unser Personal besteht aus Experten aus Deutschland. Wir w\u00e4hlen die Mitglieder unseres Teams nach Talent und Einfluss aus. Dazu geh\u00f6ren Polizeibeamte, Computerexperten, Logistikagenten und unser Personalmanagementpersonal. Dieses umfangreiche Team sorgt f\u00fcr einen kontinuierlichen Arbeitsablauf. Sie k\u00f6nnen rund um die Uhr auf den Kontakt-Button klicken, um mit uns zu sprechen<\/p>\t\t\t\t\t\t\t\t<\/div>\n\t\t\t\t<\/div>\n\t\t\t\t\t<\/div>\n\t\t<\/div>\n\t\t\t\t\t<\/div>\n\t\t<\/section>\n\t\t\t\t<section class=\"elementor-section elementor-top-section elementor-element elementor-element-7c93810 elementor-section-boxed elementor-section-height-default elementor-section-height-default\" data-id=\"7c93810\" data-element_type=\"section\" data-e-type=\"section\">\n\t\t\t\t\t\t<div class=\"elementor-container elementor-column-gap-default\">\n\t\t\t\t\t<div class=\"elementor-column elementor-col-100 elementor-top-column elementor-element elementor-element-92a0591\" data-id=\"92a0591\" data-element_type=\"column\" data-e-type=\"column\">\n\t\t\t<div class=\"elementor-widget-wrap elementor-element-populated\">\n\t\t\t\t\t\t<div class=\"elementor-element elementor-element-58fb2d6 elementor-widget elementor-widget-heading\" data-id=\"58fb2d6\" data-element_type=\"widget\" data-e-type=\"widget\" data-widget_type=\"heading.default\">\n\t\t\t\t<div class=\"elementor-widget-container\">\n\t\t\t\t\t<h2 class=\"elementor-heading-title elementor-size-default\"><a href=\"https:\/\/fuhrerscheinne.com\/neem-contact-op\/\">CONTAKTIEREN SIE UNS:<\/a><\/h2>\t\t\t\t<\/div>\n\t\t\t\t<\/div>\n\t\t\t\t\t<\/div>\n\t\t<\/div>\n\t\t\t\t\t<\/div>\n\t\t<\/section>\n\t\t\t\t<section class=\"elementor-section elementor-top-section elementor-element elementor-element-3539798 elementor-section-boxed elementor-section-height-default elementor-section-height-default\" data-id=\"3539798\" data-element_type=\"section\" data-e-type=\"section\">\n\t\t\t\t\t\t<div class=\"elementor-container elementor-column-gap-default\">\n\t\t\t\t\t<div class=\"elementor-column elementor-col-100 elementor-top-column elementor-element elementor-element-a846871\" data-id=\"a846871\" data-element_type=\"column\" data-e-type=\"column\">\n\t\t\t<div class=\"elementor-widget-wrap elementor-element-populated\">\n\t\t\t\t\t\t<div class=\"elementor-element elementor-element-471245b elementor-widget elementor-widget-wp-widget-wpforms-widget\" data-id=\"471245b\" data-element_type=\"widget\" data-e-type=\"widget\" data-widget_type=\"wp-widget-wpforms-widget.default\">\n\t\t\t\t<div class=\"elementor-widget-container\">\n\t\t\t\t\t<div class=\"wpforms-container \" id=\"wpforms-75\"><form id=\"wpforms-form-75\" class=\"wpforms-validate wpforms-form\" data-formid=\"75\" method=\"post\" enctype=\"multipart\/form-data\" action=\"\/tr\/wp-json\/wp\/v2\/pages\/13\" data-token=\"d92b1387f964bebad5de87cf24764d9f\"><noscript class=\"wpforms-error-noscript\">Bu formu bitirebilmek i\u00e7in taray\u0131c\u0131n\u0131zda JavaScript&#039;i etkinle\u015ftirin.<\/noscript><div class=\"wpforms-field-container\"><div id=\"wpforms-75-field_5-container\" class=\"wpforms-field wpforms-field-name\" data-field-id=\"5\"><label class=\"wpforms-field-label\" for=\"wpforms-75-field_5\">Name <span class=\"wpforms-required-label\">*<\/span><\/label><input type=\"text\" id=\"wpforms-75-field_5\" class=\"wpforms-field-medium wpforms-field-required\" name=\"wpforms[fields][5]\" required><\/div><div id=\"wpforms-75-field_6-container\" class=\"wpforms-field wpforms-field-email\" data-field-id=\"6\"><label class=\"wpforms-field-label\" for=\"wpforms-75-field_6\">E-mail <span class=\"wpforms-required-label\">*<\/span><\/label><input type=\"email\" id=\"wpforms-75-field_6\" class=\"wpforms-field-medium wpforms-field-required\" name=\"wpforms[fields][6]\" spellcheck=\"false\" required><\/div><div id=\"wpforms-75-field_7-container\" class=\"wpforms-field wpforms-field-phone\" data-field-id=\"7\"><label class=\"wpforms-field-label\" for=\"wpforms-75-field_7\">WhatsApp-Nummer<\/label><input type=\"tel\" id=\"wpforms-75-field_7\" class=\"wpforms-field-medium wpforms-smart-phone-field\" data-rule-smart-phone-field=\"true\" name=\"wpforms[fields][7]\" ><\/div><div id=\"wpforms-75-field_8-container\" class=\"wpforms-field wpforms-field-textarea\" data-field-id=\"8\"><label class=\"wpforms-field-label\" for=\"wpforms-75-field_8\">Nachricht<\/label><textarea id=\"wpforms-75-field_8\" class=\"wpforms-field-medium\" name=\"wpforms[fields][8]\" ><\/textarea><\/div><\/div><!-- .wpforms-field-container --><div class=\"wpforms-field wpforms-field-hp\"><label for=\"wpforms-75-field-hp\" class=\"wpforms-field-label\">Email<\/label><input type=\"text\" name=\"wpforms[hp]\" id=\"wpforms-75-field-hp\" class=\"wpforms-field-medium\"><\/div><div class=\"wpforms-submit-container\" ><input type=\"hidden\" name=\"wpforms[id]\" value=\"75\"><input type=\"hidden\" name=\"wpforms[author]\" value=\"1\"><button type=\"submit\" name=\"wpforms[submit]\" id=\"wpforms-submit-75\" class=\"wpforms-submit\" data-alt-text=\"Absenden ...\" data-submit-text=\"Einreichen\" aria-live=\"assertive\" value=\"wpforms-submit\">Einreichen<\/button><\/div><\/form><\/div>  <!-- .wpforms-container -->\t\t\t\t<\/div>\n\t\t\t\t<\/div>\n\t\t\t\t\t<\/div>\n\t\t<\/div>\n\t\t\t\t\t<\/div>\n\t\t<\/section>\n\t\t\t\t<section class=\"elementor-section elementor-top-section elementor-element elementor-element-f854c2e elementor-section-boxed elementor-section-height-default elementor-section-height-default\" data-id=\"f854c2e\" data-element_type=\"section\" data-e-type=\"section\">\n\t\t\t\t\t\t<div class=\"elementor-container elementor-column-gap-default\">\n\t\t\t\t\t<div class=\"elementor-column elementor-col-100 elementor-top-column elementor-element elementor-element-c9a8dd7\" data-id=\"c9a8dd7\" data-element_type=\"column\" data-e-type=\"column\">\n\t\t\t<div class=\"elementor-widget-wrap elementor-element-populated\">\n\t\t\t\t\t\t<div class=\"elementor-element elementor-element-6d2eccb elementor-widget elementor-widget-heading\" data-id=\"6d2eccb\" data-element_type=\"widget\" data-e-type=\"widget\" data-widget_type=\"heading.default\">\n\t\t\t\t<div class=\"elementor-widget-container\">\n\t\t\t\t\t<h2 class=\"elementor-heading-title elementor-size-default\"><a href=\"https:\/\/fuhrerscheinne.com\/\">Kosten F\u00fchrerschein, F\u00fchrerschein kaufen, Online-F\u00fchrerschein, F\u00fchrerschein, Preis F\u00fchrerschein, F\u00fchrerschein, registrierter F\u00fchrerschein, falscher F\u00fchrerschein, billiger F\u00fchrerschein, Passkauf, legaler F\u00fchrerschein 2020, F\u00fchrerschein 2020, ID-Ticketkauf, falscher Reisepass, falscher F\u00fchrerscheindruck, Online-F\u00fchrerschein, gef\u00e4lschter F\u00fchrerscheindruck, Online-F\u00fchrerschein , gef\u00e4lschter F\u00fchrerschein, gef\u00e4lschter Passhersteller, gef\u00e4lschter F\u00fchrerschein online, gef\u00e4lschter F\u00fchrerscheinkauf, gef\u00e4lschter F\u00fchrerschein, legaler F\u00fchrerscheinkauf, F\u00fchrerscheinservice, F\u00fchrerscheinkauf, gef\u00e4lschter Personalausweiskauf, Online-F\u00fchrerscheinkauf, gef\u00e4lschter Personalausweiskauf, Kauf von F\u00fchrerschein, gef\u00e4lschter F\u00fchrerschein, gef\u00e4lschter F\u00fchrerschein, gef\u00e4lschter F\u00fchrerschein, F\u00fchrerschein kaufen, F\u00fchrerschein kaufen, gef\u00e4lschter F\u00fchrerschein, gef\u00e4lschter F\u00fchrerschein, gef\u00e4lschte F\u00fchrerscheinstellen, Reisepass in den Niederlanden, Fahren l Online-F\u00fchrerscheinkauf, Eupas-Hafenkauf, gef\u00e4lschter Passkauf, gef\u00e4lschter F\u00fchrerscheinkauf , kaufen F\u00fchrerschein, gef\u00e4lschte Passbestellung, gef\u00e4lschte Passantr\u00e4ge, gef\u00e4lschte F\u00fchrerscheinantr\u00e4ge pepas gate Kauf,<\/a><\/h2>\t\t\t\t<\/div>\n\t\t\t\t<\/div>\n\t\t\t\t\t<\/div>\n\t\t<\/div>\n\t\t\t\t\t<\/div>\n\t\t<\/section>\n\t\t\t\t<\/div>\n\t\t","protected":false},"excerpt":{"rendered":"<p>Erhalten Sie registrierte Dokumente bei F\u00fchrerschein in 3 bis 5 Tagen wer wir sind: Seit 2009 produzieren und vertreiben wir deutsche F\u00fchrerscheine, deutsche P\u00e4sse, Aufenthaltskarten und gef\u00e4lschte Ausweise. Die meisten unserer Kunden kontaktieren uns regelm\u00e4\u00dfig \u00fcber diese Website und bestellen das gew\u00fcnschte Dokument. Normalerweise geben wir unseren Kunden einen Preis an, der von den Dokumenten [&hellip;]<\/p>\n","protected":false},"author":1,"featured_media":0,"parent":0,"menu_order":0,"comment_status":"closed","ping_status":"closed","template":"","meta":{"site-sidebar-layout":"default","site-content-layout":"","ast-site-content-layout":"default","site-content-style":"default","site-sidebar-style":"default","ast-global-header-display":"","ast-banner-title-visibility":"","ast-main-header-display":"","ast-hfb-above-header-display":"","ast-hfb-below-header-display":"","ast-hfb-mobile-header-display":"","site-post-title":"","ast-breadcrumbs-content":"","ast-featured-img":"","footer-sml-layout":"","theme-transparent-header-meta":"","adv-header-id-meta":"","stick-header-meta":"","header-above-stick-meta":"","header-main-stick-meta":"","header-below-stick-meta":"","astra-migrate-meta-layouts":"default","ast-page-background-enabled":"default","ast-page-background-meta":{"desktop":{"background-color":"","background-image":"","background-repeat":"repeat","background-position":"center center","background-size":"auto","background-attachment":"scroll","background-type":"","background-media":"","overlay-type":"","overlay-color":"","overlay-opacity":"","overlay-gradient":""},"tablet":{"background-color":"","background-image":"","background-repeat":"repeat","background-position":"center center","background-size":"auto","background-attachment":"scroll","background-type":"","background-media":"","overlay-type":"","overlay-color":"","overlay-opacity":"","overlay-gradient":""},"mobile":{"background-color":"","background-image":"","background-repeat":"repeat","background-position":"center center","background-size":"auto","background-attachment":"scroll","background-type":"","background-media":"","overlay-type":"","overlay-color":"","overlay-opacity":"","overlay-gradient":""}},"ast-content-background-meta":{"desktop":{"background-color":"var(--ast-global-color-5)","background-image":"","background-repeat":"repeat","background-position":"center center","background-size":"auto","background-attachment":"scroll","background-type":"","background-media":"","overlay-type":"","overlay-color":"","overlay-opacity":"","overlay-gradient":""},"tablet":{"background-color":"var(--ast-global-color-5)","background-image":"","background-repeat":"repeat","background-position":"center center","background-size":"auto","background-attachment":"scroll","background-type":"","background-media":"","overlay-type":"","overlay-color":"","overlay-opacity":"","overlay-gradient":""},"mobile":{"background-color":"var(--ast-global-color-5)","background-image":"","background-repeat":"repeat","background-position":"center center","background-size":"auto","background-attachment":"scroll","background-type":"","background-media":"","overlay-type":"","overlay-color":"","overlay-opacity":"","overlay-gradient":""}},"footnotes":""},"class_list":["post-13","page","type-page","status-publish","hentry"],"_links":{"self":[{"href":"https:\/\/fuhrerscheinne.com\/tr\/wp-json\/wp\/v2\/pages\/13","targetHints":{"allow":["GET"]}}],"collection":[{"href":"https:\/\/fuhrerscheinne.com\/tr\/wp-json\/wp\/v2\/pages"}],"about":[{"href":"https:\/\/fuhrerscheinne.com\/tr\/wp-json\/wp\/v2\/types\/page"}],"author":[{"embeddable":true,"href":"https:\/\/fuhrerscheinne.com\/tr\/wp-json\/wp\/v2\/users\/1"}],"replies":[{"embeddable":true,"href":"https:\/\/fuhrerscheinne.com\/tr\/wp-json\/wp\/v2\/comments?post=13"}],"version-history":[{"count":37,"href":"https:\/\/fuhrerscheinne.com\/tr\/wp-json\/wp\/v2\/pages\/13\/revisions"}],"predecessor-version":[{"id":724,"href":"https:\/\/fuhrerscheinne.com\/tr\/wp-json\/wp\/v2\/pages\/13\/revisions\/724"}],"wp:attachment":[{"href":"https:\/\/fuhrerscheinne.com\/tr\/wp-json\/wp\/v2\/media?parent=13"}],"curies":[{"name":"wp","href":"https:\/\/api.w.org\/{rel}","templated":true}]}}