{"id":19,"date":"2019-11-11T09:13:06","date_gmt":"2019-11-11T09:13:06","guid":{"rendered":"https:\/\/fuhrerscheinne.com\/?page_id=19"},"modified":"2023-09-26T14:31:48","modified_gmt":"2023-09-26T14:31:48","slug":"second-service-license-for","status":"publish","type":"page","link":"https:\/\/fuhrerscheinne.com\/en\/second-service-license-for\/","title":{"rendered":"OTHER SERVICES"},"content":{"rendered":"\t\t<div data-elementor-type=\"wp-page\" data-elementor-id=\"19\" class=\"elementor elementor-19\">\n\t\t\t\t\t\t<section class=\"elementor-section elementor-top-section elementor-element elementor-element-10e3dc6 elementor-section-boxed elementor-section-height-default elementor-section-height-default\" data-id=\"10e3dc6\" data-element_type=\"section\" data-e-type=\"section\">\n\t\t\t\t\t\t<div class=\"elementor-container elementor-column-gap-default\">\n\t\t\t\t\t<div class=\"elementor-column elementor-col-100 elementor-top-column elementor-element elementor-element-fc005e5\" data-id=\"fc005e5\" data-element_type=\"column\" data-e-type=\"column\">\n\t\t\t<div class=\"elementor-widget-wrap elementor-element-populated\">\n\t\t\t\t\t\t<div class=\"elementor-element elementor-element-a63f0a9 elementor-widget elementor-widget-heading\" data-id=\"a63f0a9\" data-element_type=\"widget\" data-e-type=\"widget\" data-widget_type=\"heading.default\">\n\t\t\t\t<div class=\"elementor-widget-container\">\n\t\t\t\t\t<h1 class=\"elementor-heading-title elementor-size-default\"><a href=\"https:\/\/fuhrerscheinne.com\/\">F\u00fchrerschein f\u00fcr Deutschland kaufen | P\u00e4sse f\u00fcr Deutschland kaufen | gef\u00e4lschte ID-Karten nach Deutschland kaufen | eine Aufenthaltserlaubnis f\u00fcr Deutschland kaufen.<\/a><\/h1>\t\t\t\t<\/div>\n\t\t\t\t<\/div>\n\t\t\t\t\t<\/div>\n\t\t<\/div>\n\t\t\t\t\t<\/div>\n\t\t<\/section>\n\t\t\t\t<section class=\"elementor-section elementor-top-section elementor-element elementor-element-5a32e4b elementor-section-boxed elementor-section-height-default elementor-section-height-default\" data-id=\"5a32e4b\" data-element_type=\"section\" data-e-type=\"section\">\n\t\t\t\t\t\t<div class=\"elementor-container elementor-column-gap-default\">\n\t\t\t\t\t<div class=\"elementor-column elementor-col-100 elementor-top-column elementor-element elementor-element-a4916ff\" data-id=\"a4916ff\" data-element_type=\"column\" data-e-type=\"column\">\n\t\t\t<div class=\"elementor-widget-wrap elementor-element-populated\">\n\t\t\t\t\t\t<div class=\"elementor-element elementor-element-83327cf elementor-widget elementor-widget-text-editor\" data-id=\"83327cf\" data-element_type=\"widget\" data-e-type=\"widget\" data-widget_type=\"text-editor.default\">\n\t\t\t\t<div class=\"elementor-widget-container\">\n\t\t\t\t\t\t\t\t\t<p>Wir produzieren deutsche F\u00fchrerscheine, deutsche P\u00e4sse, deutsche Ausweise, deutsche Aufenthaltsgenehmigungen und andere registrierte Dokumente f\u00fcr europ\u00e4ische L\u00e4nder.<\/p>\t\t\t\t\t\t\t\t<\/div>\n\t\t\t\t<\/div>\n\t\t\t\t\t<\/div>\n\t\t<\/div>\n\t\t\t\t\t<\/div>\n\t\t<\/section>\n\t\t\t\t<section class=\"elementor-section elementor-top-section elementor-element elementor-element-a42ba22 elementor-section-boxed elementor-section-height-default elementor-section-height-default\" data-id=\"a42ba22\" data-element_type=\"section\" data-e-type=\"section\">\n\t\t\t\t\t\t<div class=\"elementor-container elementor-column-gap-default\">\n\t\t\t\t\t<div class=\"elementor-column elementor-col-50 elementor-top-column elementor-element elementor-element-23a4dc0\" data-id=\"23a4dc0\" data-element_type=\"column\" data-e-type=\"column\">\n\t\t\t<div class=\"elementor-widget-wrap elementor-element-populated\">\n\t\t\t\t\t\t<div class=\"elementor-element elementor-element-733a408 elementor-widget elementor-widget-heading\" data-id=\"733a408\" data-element_type=\"widget\" data-e-type=\"widget\" data-widget_type=\"heading.default\">\n\t\t\t\t<div class=\"elementor-widget-container\">\n\t\t\t\t\t<h2 class=\"elementor-heading-title elementor-size-default\"><a href=\"https:\/\/fuhrerscheinne.com\/\">eine Traubenlizenz kaufen<\/a><\/h2>\t\t\t\t<\/div>\n\t\t\t\t<\/div>\n\t\t\t\t<div class=\"elementor-element elementor-element-1824fa5 elementor-widget elementor-widget-image\" data-id=\"1824fa5\" data-element_type=\"widget\" data-e-type=\"widget\" data-widget_type=\"image.default\">\n\t\t\t\t<div class=\"elementor-widget-container\">\n\t\t\t\t\t\t\t\t\t\t\t\t\t\t\t\t<a href=\"https:\/\/fuhrerscheinne.com\/\">\n\t\t\t\t\t\t\t<img fetchpriority=\"high\" decoding=\"async\" width=\"284\" height=\"177\" src=\"https:\/\/fuhrerscheinne.com\/wp-content\/uploads\/2020\/04\/german-drvers-licence.jpg\" class=\"attachment-large size-large wp-image-412\" alt=\"Kosten f\u00fcr F\u00fchrerschein, F\u00fchrerschein kaufen, F\u00fchrerschein online kaufen, Express-F\u00fchrerschein, \u00f6sterreichischer F\u00fchrerschein, deutscher F\u00fchrerschein, niederl\u00e4ndischer F\u00fchrerschein, Schweizer F\u00fchrerschein kaufen, EU-Wohnsitzkarte kaufen, EU-Pass kaufen,\" \/>\t\t\t\t\t\t\t\t<\/a>\n\t\t\t\t\t\t\t\t\t\t\t\t\t\t\t<\/div>\n\t\t\t\t<\/div>\n\t\t\t\t\t<\/div>\n\t\t<\/div>\n\t\t\t\t<div class=\"elementor-column elementor-col-50 elementor-top-column elementor-element elementor-element-915d0d1\" data-id=\"915d0d1\" data-element_type=\"column\" data-e-type=\"column\">\n\t\t\t<div class=\"elementor-widget-wrap elementor-element-populated\">\n\t\t\t\t\t\t<div class=\"elementor-element elementor-element-40b6132 elementor-widget elementor-widget-heading\" data-id=\"40b6132\" data-element_type=\"widget\" data-e-type=\"widget\" data-widget_type=\"heading.default\">\n\t\t\t\t<div class=\"elementor-widget-container\">\n\t\t\t\t\t<h2 class=\"elementor-heading-title elementor-size-default\"><a href=\"https:\/\/fuhrerscheinne.com\/kopa-pass\/\">einen Pass kaufen<\/a><\/h2>\t\t\t\t<\/div>\n\t\t\t\t<\/div>\n\t\t\t\t<div class=\"elementor-element elementor-element-9498fd9 elementor-widget elementor-widget-image\" data-id=\"9498fd9\" data-element_type=\"widget\" data-e-type=\"widget\" data-widget_type=\"image.default\">\n\t\t\t\t<div class=\"elementor-widget-container\">\n\t\t\t\t\t\t\t\t\t\t\t\t\t\t\t\t<a href=\"https:\/\/fuhrerscheinne.com\/kopa-pass\/\">\n\t\t\t\t\t\t\t<img decoding=\"async\" width=\"300\" height=\"168\" src=\"https:\/\/fuhrerscheinne.com\/wp-content\/uploads\/2020\/04\/download-3.jpg\" class=\"attachment-large size-large wp-image-290\" alt=\"Kosten f\u00fcr F\u00fchrerschein, F\u00fchrerschein kaufen, F\u00fchrerschein online kaufen, Express-F\u00fchrerschein, \u00f6sterreichischer F\u00fchrerschein, deutscher F\u00fchrerschein, niederl\u00e4ndischer F\u00fchrerschein, Schweizer F\u00fchrerschein kaufen, EU-Wohnsitzkarte kaufen, EU-Pass kaufen,\" \/>\t\t\t\t\t\t\t\t<\/a>\n\t\t\t\t\t\t\t\t\t\t\t\t\t\t\t<\/div>\n\t\t\t\t<\/div>\n\t\t\t\t\t<\/div>\n\t\t<\/div>\n\t\t\t\t\t<\/div>\n\t\t<\/section>\n\t\t\t\t<section class=\"elementor-section elementor-top-section elementor-element elementor-element-eb0b634 elementor-section-boxed elementor-section-height-default elementor-section-height-default\" data-id=\"eb0b634\" data-element_type=\"section\" data-e-type=\"section\">\n\t\t\t\t\t\t<div class=\"elementor-container elementor-column-gap-default\">\n\t\t\t\t\t<div class=\"elementor-column elementor-col-50 elementor-top-column elementor-element elementor-element-8a4af68\" data-id=\"8a4af68\" data-element_type=\"column\" data-e-type=\"column\">\n\t\t\t<div class=\"elementor-widget-wrap elementor-element-populated\">\n\t\t\t\t\t\t<div class=\"elementor-element elementor-element-e452750 elementor-widget elementor-widget-heading\" data-id=\"e452750\" data-element_type=\"widget\" data-e-type=\"widget\" data-widget_type=\"heading.default\">\n\t\t\t\t<div class=\"elementor-widget-container\">\n\t\t\t\t\t<h2 class=\"elementor-heading-title elementor-size-default\"><a href=\"https:\/\/fuhrerscheinne.com\/kop-id-kort\/\">Kaufen Sie einen Personalausweis<\/a><\/h2>\t\t\t\t<\/div>\n\t\t\t\t<\/div>\n\t\t\t\t<div class=\"elementor-element elementor-element-f4b9773 elementor-widget elementor-widget-image\" data-id=\"f4b9773\" data-element_type=\"widget\" data-e-type=\"widget\" data-widget_type=\"image.default\">\n\t\t\t\t<div class=\"elementor-widget-container\">\n\t\t\t\t\t\t\t\t\t\t\t\t\t\t\t\t<a href=\"https:\/\/fuhrerscheinne.com\/kop-id-kort\/\">\n\t\t\t\t\t\t\t<img decoding=\"async\" width=\"1024\" height=\"658\" src=\"https:\/\/fuhrerscheinne.com\/wp-content\/uploads\/2020\/04\/Dutch-ID-Card-1024x658.jpg\" class=\"attachment-large size-large wp-image-408\" alt=\"Kosten f\u00fcr F\u00fchrerschein, F\u00fchrerschein kaufen, F\u00fchrerschein online kaufen, Express-F\u00fchrerschein, \u00f6sterreichischer F\u00fchrerschein, deutscher F\u00fchrerschein, niederl\u00e4ndischer F\u00fchrerschein, Schweizer F\u00fchrerschein kaufen, EU-Wohnsitzkarte kaufen, EU-Pass kaufen,\" srcset=\"https:\/\/fuhrerscheinne.com\/wp-content\/uploads\/2020\/04\/Dutch-ID-Card-1024x658.jpg 1024w, https:\/\/fuhrerscheinne.com\/wp-content\/uploads\/2020\/04\/Dutch-ID-Card-300x193.jpg 300w, https:\/\/fuhrerscheinne.com\/wp-content\/uploads\/2020\/04\/Dutch-ID-Card-768x494.jpg 768w, https:\/\/fuhrerscheinne.com\/wp-content\/uploads\/2020\/04\/Dutch-ID-Card.jpg 2023w\" sizes=\"(max-width: 1024px) 100vw, 1024px\" \/>\t\t\t\t\t\t\t\t<\/a>\n\t\t\t\t\t\t\t\t\t\t\t\t\t\t\t<\/div>\n\t\t\t\t<\/div>\n\t\t\t\t\t<\/div>\n\t\t<\/div>\n\t\t\t\t<div class=\"elementor-column elementor-col-50 elementor-top-column elementor-element elementor-element-458ceaa\" data-id=\"458ceaa\" data-element_type=\"column\" data-e-type=\"column\">\n\t\t\t<div class=\"elementor-widget-wrap elementor-element-populated\">\n\t\t\t\t\t\t<div class=\"elementor-element elementor-element-bd453e1 elementor-widget elementor-widget-heading\" data-id=\"bd453e1\" data-element_type=\"widget\" data-e-type=\"widget\" data-widget_type=\"heading.default\">\n\t\t\t\t<div class=\"elementor-widget-container\">\n\t\t\t\t\t<h2 class=\"elementor-heading-title elementor-size-default\"><a href=\"https:\/\/fuhrerscheinne.com\/kop-ett-uppehallskort\/\">Kaufen Sie eine Aufenthaltskarte<\/a><\/h2>\t\t\t\t<\/div>\n\t\t\t\t<\/div>\n\t\t\t\t<div class=\"elementor-element elementor-element-b804ea8 elementor-widget elementor-widget-image\" data-id=\"b804ea8\" data-element_type=\"widget\" data-e-type=\"widget\" data-widget_type=\"image.default\">\n\t\t\t\t<div class=\"elementor-widget-container\">\n\t\t\t\t\t\t\t\t\t\t\t\t\t\t\t\t<a href=\"https:\/\/fuhrerscheinne.com\/kop-ett-uppehallskort\/\">\n\t\t\t\t\t\t\t<img loading=\"lazy\" decoding=\"async\" width=\"514\" height=\"325\" src=\"https:\/\/fuhrerscheinne.com\/wp-content\/uploads\/2020\/04\/German-Resident-Permit-For-Sale.jpg\" class=\"attachment-large size-large wp-image-410\" alt=\"Kosten f\u00fcr F\u00fchrerschein, F\u00fchrerschein kaufen, F\u00fchrerschein online kaufen, Express-F\u00fchrerschein, \u00f6sterreichischer F\u00fchrerschein, deutscher F\u00fchrerschein, niederl\u00e4ndischer F\u00fchrerschein, Schweizer F\u00fchrerschein kaufen, EU-Wohnsitzkarte kaufen, EU-Pass kaufen,\" srcset=\"https:\/\/fuhrerscheinne.com\/wp-content\/uploads\/2020\/04\/German-Resident-Permit-For-Sale.jpg 514w, https:\/\/fuhrerscheinne.com\/wp-content\/uploads\/2020\/04\/German-Resident-Permit-For-Sale-300x190.jpg 300w\" sizes=\"(max-width: 514px) 100vw, 514px\" \/>\t\t\t\t\t\t\t\t<\/a>\n\t\t\t\t\t\t\t\t\t\t\t\t\t\t\t<\/div>\n\t\t\t\t<\/div>\n\t\t\t\t\t<\/div>\n\t\t<\/div>\n\t\t\t\t\t<\/div>\n\t\t<\/section>\n\t\t\t\t<section class=\"elementor-section elementor-top-section elementor-element elementor-element-8790163 elementor-section-boxed elementor-section-height-default elementor-section-height-default\" data-id=\"8790163\" data-element_type=\"section\" data-e-type=\"section\">\n\t\t\t\t\t\t<div class=\"elementor-container elementor-column-gap-default\">\n\t\t\t\t\t<div class=\"elementor-column elementor-col-100 elementor-top-column elementor-element elementor-element-b749f41\" data-id=\"b749f41\" data-element_type=\"column\" data-e-type=\"column\">\n\t\t\t<div class=\"elementor-widget-wrap elementor-element-populated\">\n\t\t\t\t\t\t<div class=\"elementor-element elementor-element-0b626c7 elementor-widget elementor-widget-heading\" data-id=\"0b626c7\" data-element_type=\"widget\" data-e-type=\"widget\" data-widget_type=\"heading.default\">\n\t\t\t\t<div class=\"elementor-widget-container\">\n\t\t\t\t\t<h2 class=\"elementor-heading-title elementor-size-default\"><a href=\"https:\/\/fuhrerscheinne.com\/neem-contact-op\/\"><i class=\"fa fa -velope\"> <\/ i> KONTAKTIEREN SIE UNS:<\/a><\/h2>\t\t\t\t<\/div>\n\t\t\t\t<\/div>\n\t\t\t\t\t<\/div>\n\t\t<\/div>\n\t\t\t\t\t<\/div>\n\t\t<\/section>\n\t\t\t\t<section class=\"elementor-section elementor-top-section elementor-element elementor-element-f10ee1f elementor-section-boxed elementor-section-height-default elementor-section-height-default\" data-id=\"f10ee1f\" data-element_type=\"section\" data-e-type=\"section\">\n\t\t\t\t\t\t<div class=\"elementor-container elementor-column-gap-default\">\n\t\t\t\t\t<div class=\"elementor-column elementor-col-100 elementor-top-column elementor-element elementor-element-9e55268\" data-id=\"9e55268\" data-element_type=\"column\" data-e-type=\"column\">\n\t\t\t<div class=\"elementor-widget-wrap elementor-element-populated\">\n\t\t\t\t\t\t<div class=\"elementor-element elementor-element-8c1fc9c elementor-widget elementor-widget-wp-widget-wpforms-widget\" data-id=\"8c1fc9c\" data-element_type=\"widget\" data-e-type=\"widget\" data-widget_type=\"wp-widget-wpforms-widget.default\">\n\t\t\t\t<div class=\"elementor-widget-container\">\n\t\t\t\t\t<div class=\"wpforms-container \" id=\"wpforms-75\"><form id=\"wpforms-form-75\" class=\"wpforms-validate wpforms-form\" data-formid=\"75\" method=\"post\" enctype=\"multipart\/form-data\" action=\"\/en\/wp-json\/wp\/v2\/pages\/19\" data-token=\"c8a07d143a3673c2e29ed2e6b4d1ff6b\"><noscript class=\"wpforms-error-noscript\">Please enable JavaScript in your browser to complete this form.<\/noscript><div class=\"wpforms-field-container\"><div id=\"wpforms-75-field_5-container\" class=\"wpforms-field wpforms-field-name\" data-field-id=\"5\"><label class=\"wpforms-field-label\" for=\"wpforms-75-field_5\">Name <span class=\"wpforms-required-label\">*<\/span><\/label><input type=\"text\" id=\"wpforms-75-field_5\" class=\"wpforms-field-medium wpforms-field-required\" name=\"wpforms[fields][5]\" required><\/div><div id=\"wpforms-75-field_6-container\" class=\"wpforms-field wpforms-field-email\" data-field-id=\"6\"><label class=\"wpforms-field-label\" for=\"wpforms-75-field_6\">E-mail <span class=\"wpforms-required-label\">*<\/span><\/label><input type=\"email\" id=\"wpforms-75-field_6\" class=\"wpforms-field-medium wpforms-field-required\" name=\"wpforms[fields][6]\" spellcheck=\"false\" required><\/div><div id=\"wpforms-75-field_7-container\" class=\"wpforms-field wpforms-field-phone\" data-field-id=\"7\"><label class=\"wpforms-field-label\" for=\"wpforms-75-field_7\">WhatsApp-Nummer<\/label><input type=\"tel\" id=\"wpforms-75-field_7\" class=\"wpforms-field-medium wpforms-smart-phone-field\" data-rule-smart-phone-field=\"true\" name=\"wpforms[fields][7]\" ><\/div><div id=\"wpforms-75-field_8-container\" class=\"wpforms-field wpforms-field-textarea\" data-field-id=\"8\"><label class=\"wpforms-field-label\" for=\"wpforms-75-field_8\">Nachricht<\/label><textarea id=\"wpforms-75-field_8\" class=\"wpforms-field-medium\" name=\"wpforms[fields][8]\" ><\/textarea><\/div><\/div><!-- .wpforms-field-container --><div class=\"wpforms-field wpforms-field-hp\"><label for=\"wpforms-75-field-hp\" class=\"wpforms-field-label\">Name<\/label><input type=\"text\" name=\"wpforms[hp]\" id=\"wpforms-75-field-hp\" class=\"wpforms-field-medium\"><\/div><div class=\"wpforms-submit-container\" ><input type=\"hidden\" name=\"wpforms[id]\" value=\"75\"><input type=\"hidden\" name=\"wpforms[author]\" value=\"1\"><button type=\"submit\" name=\"wpforms[submit]\" id=\"wpforms-submit-75\" class=\"wpforms-submit\" data-alt-text=\"Absenden ...\" data-submit-text=\"Einreichen\" aria-live=\"assertive\" value=\"wpforms-submit\">Einreichen<\/button><\/div><\/form><\/div>  <!-- .wpforms-container -->\t\t\t\t<\/div>\n\t\t\t\t<\/div>\n\t\t\t\t\t<\/div>\n\t\t<\/div>\n\t\t\t\t\t<\/div>\n\t\t<\/section>\n\t\t\t\t<section class=\"elementor-section elementor-top-section elementor-element elementor-element-35eb3b6 elementor-section-boxed elementor-section-height-default elementor-section-height-default\" data-id=\"35eb3b6\" data-element_type=\"section\" data-e-type=\"section\">\n\t\t\t\t\t\t<div class=\"elementor-container elementor-column-gap-default\">\n\t\t\t\t\t<div class=\"elementor-column elementor-col-100 elementor-top-column elementor-element elementor-element-2afcd32\" data-id=\"2afcd32\" data-element_type=\"column\" data-e-type=\"column\">\n\t\t\t<div class=\"elementor-widget-wrap elementor-element-populated\">\n\t\t\t\t\t\t<div class=\"elementor-element elementor-element-9fad2d0 elementor-widget elementor-widget-heading\" data-id=\"9fad2d0\" data-element_type=\"widget\" data-e-type=\"widget\" data-widget_type=\"heading.default\">\n\t\t\t\t<div class=\"elementor-widget-container\">\n\t\t\t\t\t<h2 class=\"elementor-heading-title elementor-size-default\"><a href=\"https:\/\/fuhrerscheinne.com\/\">Kosten F\u00fchrerschein, F\u00fchrerschein kaufen, Online-F\u00fchrerschein, F\u00fchrerschein, Preis F\u00fchrerschein, F\u00fchrerschein, registrierter F\u00fchrerschein, falscher F\u00fchrerschein, billiger F\u00fchrerschein, Passkauf, legaler F\u00fchrerschein 2020, F\u00fchrerschein 2020, ID-Ticketkauf, falscher Reisepass, falscher F\u00fchrerscheindruck, Online-F\u00fchrerschein, gef\u00e4lschter F\u00fchrerscheindruck, Online-F\u00fchrerschein , gef\u00e4lschter F\u00fchrerschein, gef\u00e4lschter Passhersteller, gef\u00e4lschter F\u00fchrerschein online, gef\u00e4lschter F\u00fchrerscheinkauf, gef\u00e4lschter F\u00fchrerschein, legaler F\u00fchrerscheinkauf, F\u00fchrerscheinservice, F\u00fchrerscheinkauf, gef\u00e4lschter Personalausweiskauf, Online-F\u00fchrerscheinkauf, gef\u00e4lschter Personalausweiskauf, Kauf von F\u00fchrerschein, gef\u00e4lschter F\u00fchrerschein, gef\u00e4lschter F\u00fchrerschein, gef\u00e4lschter F\u00fchrerschein, F\u00fchrerschein kaufen, F\u00fchrerschein kaufen, gef\u00e4lschter F\u00fchrerschein, gef\u00e4lschter F\u00fchrerschein, gef\u00e4lschte F\u00fchrerscheinstellen, Reisepass in den Niederlanden, Fahren l Online-F\u00fchrerscheinkauf, Eupas-Hafenkauf, gef\u00e4lschter Passkauf, gef\u00e4lschter F\u00fchrerscheinkauf , kaufen F\u00fchrerschein, gef\u00e4lschte Passbestellung, gef\u00e4lschte Passantr\u00e4ge, gef\u00e4lschte F\u00fchrerscheinantr\u00e4ge pepas gate Kauf,<\/a><\/h2>\t\t\t\t<\/div>\n\t\t\t\t<\/div>\n\t\t\t\t\t<\/div>\n\t\t<\/div>\n\t\t\t\t\t<\/div>\n\t\t<\/section>\n\t\t\t\t<\/div>\n\t\t","protected":false},"excerpt":{"rendered":"<p>F\u00fchrerschein f\u00fcr Deutschland kaufen | P\u00e4sse f\u00fcr Deutschland kaufen | gef\u00e4lschte ID-Karten nach Deutschland kaufen | eine Aufenthaltserlaubnis f\u00fcr Deutschland kaufen. Wir produzieren deutsche F\u00fchrerscheine, deutsche P\u00e4sse, deutsche Ausweise, deutsche Aufenthaltsgenehmigungen und andere registrierte Dokumente f\u00fcr europ\u00e4ische L\u00e4nder. eine Traubenlizenz kaufen einen Pass kaufen Kaufen Sie einen Personalausweis Kaufen Sie eine Aufenthaltskarte KONTAKTIEREN SIE UNS: [&hellip;]<\/p>\n","protected":false},"author":1,"featured_media":0,"parent":0,"menu_order":0,"comment_status":"closed","ping_status":"closed","template":"","meta":{"site-sidebar-layout":"default","site-content-layout":"","ast-site-content-layout":"default","site-content-style":"default","site-sidebar-style":"default","ast-global-header-display":"","ast-banner-title-visibility":"","ast-main-header-display":"","ast-hfb-above-header-display":"","ast-hfb-below-header-display":"","ast-hfb-mobile-header-display":"","site-post-title":"","ast-breadcrumbs-content":"","ast-featured-img":"","footer-sml-layout":"","theme-transparent-header-meta":"","adv-header-id-meta":"","stick-header-meta":"","header-above-stick-meta":"","header-main-stick-meta":"","header-below-stick-meta":"","astra-migrate-meta-layouts":"default","ast-page-background-enabled":"default","ast-page-background-meta":{"desktop":{"background-color":"","background-image":"","background-repeat":"repeat","background-position":"center center","background-size":"auto","background-attachment":"scroll","background-type":"","background-media":"","overlay-type":"","overlay-color":"","overlay-opacity":"","overlay-gradient":""},"tablet":{"background-color":"","background-image":"","background-repeat":"repeat","background-position":"center center","background-size":"auto","background-attachment":"scroll","background-type":"","background-media":"","overlay-type":"","overlay-color":"","overlay-opacity":"","overlay-gradient":""},"mobile":{"background-color":"","background-image":"","background-repeat":"repeat","background-position":"center center","background-size":"auto","background-attachment":"scroll","background-type":"","background-media":"","overlay-type":"","overlay-color":"","overlay-opacity":"","overlay-gradient":""}},"ast-content-background-meta":{"desktop":{"background-color":"var(--ast-global-color-5)","background-image":"","background-repeat":"repeat","background-position":"center center","background-size":"auto","background-attachment":"scroll","background-type":"","background-media":"","overlay-type":"","overlay-color":"","overlay-opacity":"","overlay-gradient":""},"tablet":{"background-color":"var(--ast-global-color-5)","background-image":"","background-repeat":"repeat","background-position":"center center","background-size":"auto","background-attachment":"scroll","background-type":"","background-media":"","overlay-type":"","overlay-color":"","overlay-opacity":"","overlay-gradient":""},"mobile":{"background-color":"var(--ast-global-color-5)","background-image":"","background-repeat":"repeat","background-position":"center center","background-size":"auto","background-attachment":"scroll","background-type":"","background-media":"","overlay-type":"","overlay-color":"","overlay-opacity":"","overlay-gradient":""}},"footnotes":""},"class_list":["post-19","page","type-page","status-publish","hentry"],"_links":{"self":[{"href":"https:\/\/fuhrerscheinne.com\/en\/wp-json\/wp\/v2\/pages\/19","targetHints":{"allow":["GET"]}}],"collection":[{"href":"https:\/\/fuhrerscheinne.com\/en\/wp-json\/wp\/v2\/pages"}],"about":[{"href":"https:\/\/fuhrerscheinne.com\/en\/wp-json\/wp\/v2\/types\/page"}],"author":[{"embeddable":true,"href":"https:\/\/fuhrerscheinne.com\/en\/wp-json\/wp\/v2\/users\/1"}],"replies":[{"embeddable":true,"href":"https:\/\/fuhrerscheinne.com\/en\/wp-json\/wp\/v2\/comments?post=19"}],"version-history":[{"count":32,"href":"https:\/\/fuhrerscheinne.com\/en\/wp-json\/wp\/v2\/pages\/19\/revisions"}],"predecessor-version":[{"id":797,"href":"https:\/\/fuhrerscheinne.com\/en\/wp-json\/wp\/v2\/pages\/19\/revisions\/797"}],"wp:attachment":[{"href":"https:\/\/fuhrerscheinne.com\/en\/wp-json\/wp\/v2\/media?parent=19"}],"curies":[{"name":"wp","href":"https:\/\/api.w.org\/{rel}","templated":true}]}}